{"id":1682,"date":"2022-05-05T08:06:29","date_gmt":"2022-05-05T08:06:29","guid":{"rendered":"https:\/\/normagrand.hu\/termek\/rubicon\/"},"modified":"2022-09-13T08:29:07","modified_gmt":"2022-09-13T08:29:07","slug":"rubicon","status":"publish","type":"product","link":"https:\/\/normagrand.hu\/en\/termek\/rubicon\/","title":{"rendered":"Rubicon"},"content":{"rendered":"","protected":false},"excerpt":{"rendered":"<p>Palya Bal\u00e1zs \u00e9s p\u00e1rja, Julcsi els\u0151 hivatalos \u00e9vj\u00e1rata a M\u00e1tr\u00e1b\u00f3l, Sz\u0171csib\u0151l. Jelenleg kevesebb, mint egy hekt\u00e1ron dolgoznak organikus m\u0171vel\u00e9s mellett, a pinc\u00e9ben pedig a lehet\u0151 legkevesebb beavatkoz\u00e1sra t\u00f6rekszenek. A Rubicon alapanyaga a szeptember v\u00e9g\u00e9n sz\u00fcretelt, t\u00f6k\u00e9letesen \u00e9rett k\u00e9kfrankos, aminek kisebbik r\u00e9sze eg\u00e9szf\u00fcrt\u00f6sen, a nagyobbik pedig bogy\u00f3zva erjedt 12 napig h\u00e9jon. Ezt k\u00f6vet\u0151en egyharmada zempl\u00e9ni t\u00f6lgyfahord\u00f3ban, k\u00e9tharmada pedig ac\u00e9ltart\u00e1lyban \u00e9rlel\u0151d\u00f6tt f\u00e9l \u00e9vig. Piros gy\u00fcm\u00f6lcs\u00f6k, vir\u00e1gok, eleg\u00e1ns hord\u00f3s jegyek, k\u00f6nnyedebb, de gazdag korty. Sz\u0171retlen, der\u00edtetlen, hozz\u00e1adott k\u00e9n n\u00e9lk\u00fcl palackozva. <\/p>\n","protected":false},"featured_media":582,"template":"","meta":{"_acf_changed":false,"site-sidebar-layout":"default","site-content-layout":"","ast-site-content-layout":"default","site-content-style":"default","site-sidebar-style":"default","ast-global-header-display":"","ast-banner-title-visibility":"","ast-main-header-display":"","ast-hfb-above-header-display":"","ast-hfb-below-header-display":"","ast-hfb-mobile-header-display":"","site-post-title":"","ast-breadcrumbs-content":"","ast-featured-img":"","footer-sml-layout":"","theme-transparent-header-meta":"","adv-header-id-meta":"","stick-header-meta":"","header-above-stick-meta":"","header-main-stick-meta":"","header-below-stick-meta":"","astra-migrate-meta-layouts":"default","ast-page-background-enabled":"default","ast-page-background-meta":{"desktop":{"background-color":"var(--ast-global-color-4)","background-image":"","background-repeat":"repeat","background-position":"center center","background-size":"auto","background-attachment":"scroll","background-type":"","background-media":"","overlay-type":"","overlay-color":"","overlay-opacity":"","overlay-gradient":""},"tablet":{"background-color":"","background-image":"","background-repeat":"repeat","background-position":"center center","background-size":"auto","background-attachment":"scroll","background-type":"","background-media":"","overlay-type":"","overlay-color":"","overlay-opacity":"","overlay-gradient":""},"mobile":{"background-color":"","background-image":"","background-repeat":"repeat","background-position":"center center","background-size":"auto","background-attachment":"scroll","background-type":"","background-media":"","overlay-type":"","overlay-color":"","overlay-opacity":"","overlay-gradient":""}},"ast-content-background-meta":{"desktop":{"background-color":"var(--ast-global-color-5)","background-image":"","background-repeat":"repeat","background-position":"center center","background-size":"auto","background-attachment":"scroll","background-type":"","background-media":"","overlay-type":"","overlay-color":"","overlay-opacity":"","overlay-gradient":""},"tablet":{"background-color":"var(--ast-global-color-5)","background-image":"","background-repeat":"repeat","background-position":"center center","background-size":"auto","background-attachment":"scroll","background-type":"","background-media":"","overlay-type":"","overlay-color":"","overlay-opacity":"","overlay-gradient":""},"mobile":{"background-color":"var(--ast-global-color-5)","background-image":"","background-repeat":"repeat","background-position":"center center","background-size":"auto","background-attachment":"scroll","background-type":"","background-media":"","overlay-type":"","overlay-color":"","overlay-opacity":"","overlay-gradient":""}},"_elementor_data":""},"product_brand":[],"product_cat":[29],"product_tag":[],"allergen-informaciok":[],"class_list":{"0":"post-1682","1":"product","2":"type-product","3":"status-publish","4":"has-post-thumbnail","6":"product_cat-egyeb","7":"desktop-align-left","8":"tablet-align-left","9":"mobile-align-left","11":"first","12":"instock","13":"taxable","14":"shipping-taxable","15":"purchasable","16":"product-type-simple"},"acf":[],"_links":{"self":[{"href":"https:\/\/normagrand.hu\/en\/wp-json\/wp\/v2\/product\/1682","targetHints":{"allow":["GET"]}}],"collection":[{"href":"https:\/\/normagrand.hu\/en\/wp-json\/wp\/v2\/product"}],"about":[{"href":"https:\/\/normagrand.hu\/en\/wp-json\/wp\/v2\/types\/product"}],"wp:featuredmedia":[{"embeddable":true,"href":"https:\/\/normagrand.hu\/en\/wp-json\/wp\/v2\/media\/582"}],"wp:attachment":[{"href":"https:\/\/normagrand.hu\/en\/wp-json\/wp\/v2\/media?parent=1682"}],"wp:term":[{"taxonomy":"product_brand","embeddable":true,"href":"https:\/\/normagrand.hu\/en\/wp-json\/wp\/v2\/product_brand?post=1682"},{"taxonomy":"product_cat","embeddable":true,"href":"https:\/\/normagrand.hu\/en\/wp-json\/wp\/v2\/product_cat?post=1682"},{"taxonomy":"product_tag","embeddable":true,"href":"https:\/\/normagrand.hu\/en\/wp-json\/wp\/v2\/product_tag?post=1682"},{"taxonomy":"allergen-informaciok","embeddable":true,"href":"https:\/\/normagrand.hu\/en\/wp-json\/wp\/v2\/allergen-informaciok?post=1682"}],"curies":[{"name":"wp","href":"https:\/\/api.w.org\/{rel}","templated":true}]}}