{"id":1684,"date":"2022-05-05T08:06:29","date_gmt":"2022-05-05T08:06:29","guid":{"rendered":"https:\/\/normagrand.hu\/termek\/cric-cric-blanc\/"},"modified":"2022-05-05T08:06:29","modified_gmt":"2022-05-05T08:06:29","slug":"cric-cric-blanc","status":"publish","type":"product","link":"https:\/\/normagrand.hu\/en\/termek\/cric-cric-blanc\/","title":{"rendered":"Cric Cric Blanc"},"content":{"rendered":"","protected":false},"excerpt":{"rendered":"<p>Manel Avinyo 2002-ben vette \u00e1t a r\u00e9gi csal\u00e1di birtokot Katal\u00f3ni\u00e1ban, Pened\u00e9s borvid\u00e9ken, ahol ma m\u00e1r l\u00e1ny\u00e1val, N\u00fari\u00e1val egy\u00fctt k\u00e9sz\u00edtik nat\u00far boraikat. A biodinamikusan m\u0171velt sz\u0151l\u0151\u00fcltetv\u00e9nyeik a Parque del Garraf term\u00e9szetv\u00e9delmi ter\u00fcleten bel\u00fcl tal\u00e1lhat\u00f3k, k\u00f6zel a tengerhez, meszes, agyagos talajon. A Cric cric 100% k\u00e9zzel sz\u00fcretelt xarel-lo, melyet pr\u00e9sel\u00e9s ut\u00e1n 8 h\u00f3napig ac\u00e9ltart\u00e1lyban \u00e9rleltek, majd sz\u0171retlen\u00fcl, der\u00edtetlen\u00fcl \u00e9s k\u00e9n n\u00e9lk\u00fcl t\u00f6lt\u00f6tt\u00e9k egyliteres palackokba. Illatban citrusok, \u0151szibarack, f\u00fcst\u00f6s mineralit\u00e1s, k\u00f6nnyed, m\u00e9gis tartalmas korty, vibr\u00e1l\u00f3 savak, enyhe kr\u00e9mess\u00e9g, s\u00f3s lecseng\u00e9ssel.\u00a0<\/p>\n","protected":false},"featured_media":554,"template":"","meta":{"_acf_changed":false,"site-sidebar-layout":"default","site-content-layout":"","ast-site-content-layout":"default","site-content-style":"default","site-sidebar-style":"default","ast-global-header-display":"","ast-banner-title-visibility":"","ast-main-header-display":"","ast-hfb-above-header-display":"","ast-hfb-below-header-display":"","ast-hfb-mobile-header-display":"","site-post-title":"","ast-breadcrumbs-content":"","ast-featured-img":"","footer-sml-layout":"","theme-transparent-header-meta":"","adv-header-id-meta":"","stick-header-meta":"","header-above-stick-meta":"","header-main-stick-meta":"","header-below-stick-meta":"","astra-migrate-meta-layouts":"default","ast-page-background-enabled":"default","ast-page-background-meta":{"desktop":{"background-color":"var(--ast-global-color-4)","background-image":"","background-repeat":"repeat","background-position":"center center","background-size":"auto","background-attachment":"scroll","background-type":"","background-media":"","overlay-type":"","overlay-color":"","overlay-opacity":"","overlay-gradient":""},"tablet":{"background-color":"","background-image":"","background-repeat":"repeat","background-position":"center center","background-size":"auto","background-attachment":"scroll","background-type":"","background-media":"","overlay-type":"","overlay-color":"","overlay-opacity":"","overlay-gradient":""},"mobile":{"background-color":"","background-image":"","background-repeat":"repeat","background-position":"center center","background-size":"auto","background-attachment":"scroll","background-type":"","background-media":"","overlay-type":"","overlay-color":"","overlay-opacity":"","overlay-gradient":""}},"ast-content-background-meta":{"desktop":{"background-color":"var(--ast-global-color-5)","background-image":"","background-repeat":"repeat","background-position":"center center","background-size":"auto","background-attachment":"scroll","background-type":"","background-media":"","overlay-type":"","overlay-color":"","overlay-opacity":"","overlay-gradient":""},"tablet":{"background-color":"var(--ast-global-color-5)","background-image":"","background-repeat":"repeat","background-position":"center center","background-size":"auto","background-attachment":"scroll","background-type":"","background-media":"","overlay-type":"","overlay-color":"","overlay-opacity":"","overlay-gradient":""},"mobile":{"background-color":"var(--ast-global-color-5)","background-image":"","background-repeat":"repeat","background-position":"center center","background-size":"auto","background-attachment":"scroll","background-type":"","background-media":"","overlay-type":"","overlay-color":"","overlay-opacity":"","overlay-gradient":""}},"_elementor_data":""},"product_brand":[],"product_cat":[29],"product_tag":[],"allergen-informaciok":[],"class_list":{"0":"post-1684","1":"product","2":"type-product","3":"status-publish","4":"has-post-thumbnail","6":"product_cat-egyeb","7":"desktop-align-left","8":"tablet-align-left","9":"mobile-align-left","11":"first","12":"instock","13":"taxable","14":"shipping-taxable","15":"purchasable","16":"product-type-simple"},"acf":[],"_links":{"self":[{"href":"https:\/\/normagrand.hu\/en\/wp-json\/wp\/v2\/product\/1684","targetHints":{"allow":["GET"]}}],"collection":[{"href":"https:\/\/normagrand.hu\/en\/wp-json\/wp\/v2\/product"}],"about":[{"href":"https:\/\/normagrand.hu\/en\/wp-json\/wp\/v2\/types\/product"}],"wp:featuredmedia":[{"embeddable":true,"href":"https:\/\/normagrand.hu\/en\/wp-json\/wp\/v2\/media\/554"}],"wp:attachment":[{"href":"https:\/\/normagrand.hu\/en\/wp-json\/wp\/v2\/media?parent=1684"}],"wp:term":[{"taxonomy":"product_brand","embeddable":true,"href":"https:\/\/normagrand.hu\/en\/wp-json\/wp\/v2\/product_brand?post=1684"},{"taxonomy":"product_cat","embeddable":true,"href":"https:\/\/normagrand.hu\/en\/wp-json\/wp\/v2\/product_cat?post=1684"},{"taxonomy":"product_tag","embeddable":true,"href":"https:\/\/normagrand.hu\/en\/wp-json\/wp\/v2\/product_tag?post=1684"},{"taxonomy":"allergen-informaciok","embeddable":true,"href":"https:\/\/normagrand.hu\/en\/wp-json\/wp\/v2\/allergen-informaciok?post=1684"}],"curies":[{"name":"wp","href":"https:\/\/api.w.org\/{rel}","templated":true}]}}